{"id":16330,"date":"2023-07-03T16:33:03","date_gmt":"2023-07-03T16:33:03","guid":{"rendered":"http:\/\/www.ttuenergetik.ba\/?page_id=16330"},"modified":"2025-09-14T21:26:00","modified_gmt":"2025-09-14T19:26:00","slug":"istrazivanje-i-razvoj","status":"publish","type":"page","link":"https:\/\/ttuenergetik.ba\/ba\/istrazivanje-i-razvoj\/","title":{"rendered":"Istra\u017eivanje i razvoj"},"content":{"rendered":"\t\t<div data-elementor-type=\"wp-page\" data-elementor-id=\"16330\" class=\"elementor elementor-16330\">\n\t\t\t\t\t\t<section class=\"elementor-section elementor-top-section elementor-element elementor-element-71e5059 elementor-section-boxed elementor-section-height-default elementor-section-height-default\" data-id=\"71e5059\" data-element_type=\"section\" data-e-type=\"section\">\n\t\t\t\t\t\t<div class=\"elementor-container elementor-column-gap-default\">\n\t\t\t\t\t<div class=\"elementor-column elementor-col-100 elementor-top-column elementor-element elementor-element-b662b8a\" data-id=\"b662b8a\" data-element_type=\"column\" data-e-type=\"column\">\n\t\t\t<div class=\"elementor-widget-wrap elementor-element-populated\">\n\t\t\t\t\t\t<div class=\"elementor-element elementor-element-16385ad elementor-widget elementor-widget-industrium_heading\" data-id=\"16385ad\" data-element_type=\"widget\" data-e-type=\"widget\" data-widget_type=\"industrium_heading.default\">\n\t\t\t\t<div class=\"elementor-widget-container\">\n\t\t\t\t\t<div class=\"industrium-heading-widget\"><h2 class=\"industrium-heading\"><span class=\"industrium-heading-content\">Istra\u017eivanje i razvoj<\/span><\/h2><\/div>\t\t\t\t<\/div>\n\t\t\t\t<\/div>\n\t\t\t\t<div class=\"elementor-element elementor-element-2b0c413 elementor-widget elementor-widget-text-editor\" data-id=\"2b0c413\" data-element_type=\"widget\" data-e-type=\"widget\" data-widget_type=\"text-editor.default\">\n\t\t\t\t<div class=\"elementor-widget-container\">\n\t\t\t\t\t\t\t\t\t<p>\u00a0<\/p><p>Istra\u017eivanje i razvoj je slu\u017eba u okviru TTU energetika koja je kadrovski osposobljena da odgovari bilo kojim zahtjevima kupca u sferi konstruisanja i projektovanja u oblasti ma\u0161instva.<\/p><ul><li>Slu\u017eba razvoja zapo\u010dinje svoje aktivnosti sa direktnim razgovorom sa kupcem gdje se usagla\u0161avaju \u017eelje i potrebe kupca, nakon toga se izra\u0111uje idejno rje\u0161enje koje mora zadovoljiti kako potrebe kupca tako i me\u0111unarodne norme i standarde iz date oblasti.<\/li><li>U kvalitetnim softwerima izra\u0111uju se prvo modeli gdje se vr\u0161e potrebne analize i ispitivanja a nakon dobijenih zadovoljavaju\u0107ih rezultata pristupa se izradi tehni\u010dke dokumentacije koja se koristi kao polazna osnova i prvi korak za implementaciju projekta odnosno u izradi predvi\u0111enih ma\u0161inskih pozicija i sklopova. Na\u0161i in\u017eenjeri razvoja su uvijek prisutni u tvorni\u010dkim halama prate\u0107i realizaciju projekta i uvijek spremni da reaguju u cilju odklanjanja eventualnih nejasno\u0107a u proizvodnom sektoru kao iznala\u017eenju rje\u0161enja u cilju \u0161to br\u017ee i efikasnije proizvodnje.<\/li><\/ul>\t\t\t\t\t\t\t\t<\/div>\n\t\t\t\t<\/div>\n\t\t\t\t\t<\/div>\n\t\t<\/div>\n\t\t\t\t\t<\/div>\n\t\t<\/section>\n\t\t\t\t<\/div>\n\t\t","protected":false},"excerpt":{"rendered":"<p>Istra\u017eivanje i razvoj je slu\u017eba u okviru TTU energetika koja je kadrovski osposobljena da odgovari bilo kojim zahtjevima kupca u sferi konstruisanja i projektovanja u oblasti ma\u0161instva. Slu\u017eba razvoja zapo\u010dinje svoje aktivnosti sa direktnim razgovorom sa kupcem gdje se usagla\u0161avaju \u017eelje&#8230;<\/p>\n","protected":false},"author":1,"featured_media":0,"parent":0,"menu_order":0,"comment_status":"closed","ping_status":"closed","template":"","meta":{"footnotes":"","_links_to":"","_links_to_target":""},"class_list":["post-16330","page","type-page","status-publish","hentry"],"yoast_head":"<!-- This site is optimized with the Yoast SEO plugin v27.0 - https:\/\/yoast.com\/product\/yoast-seo-wordpress\/ -->\n<title>Istra\u017eivanje i razvoj Tuzla \u2013 TTU Energetik | Inovacije i projektovanje<\/title>\n<meta name=\"description\" content=\"TTU Energetik pru\u017ea profesionalne usluge istra\u017eivanja i razvoja: idejna rje\u0161enja, analiza i simulacije, tehni\u010dka dokumentacija i podr\u0161ka proizvodnji, u skladu s me\u0111unarodnim standardima.\" \/>\n<meta name=\"robots\" content=\"index, follow, max-snippet:-1, max-image-preview:large, max-video-preview:-1\" \/>\n<link rel=\"canonical\" href=\"https:\/\/ttuenergetik.ba\/ba\/istrazivanje-i-razvoj\/\" \/>\n<meta property=\"og:locale\" content=\"bs_BA\" \/>\n<meta property=\"og:type\" content=\"article\" \/>\n<meta property=\"og:title\" content=\"Istra\u017eivanje i razvoj Tuzla \u2013 TTU Energetik | Inovacije i projektovanje\" \/>\n<meta property=\"og:description\" content=\"TTU Energetik pru\u017ea profesionalne usluge istra\u017eivanja i razvoja: idejna rje\u0161enja, analiza i simulacije, tehni\u010dka dokumentacija i podr\u0161ka proizvodnji, u skladu s me\u0111unarodnim standardima.\" \/>\n<meta property=\"og:url\" content=\"https:\/\/ttuenergetik.ba\/ba\/istrazivanje-i-razvoj\/\" \/>\n<meta property=\"og:site_name\" content=\"TTU energetik Tuzla\" \/>\n<meta property=\"article:publisher\" content=\"https:\/\/www.facebook.com\/ttuenergetik\" \/>\n<meta property=\"article:modified_time\" content=\"2025-09-14T19:26:00+00:00\" \/>\n<meta property=\"og:image\" content=\"https:\/\/ttuenergetik.ba\/wp-content\/uploads\/2022\/08\/REL-zavarivanje.webp\" \/>\n\t<meta property=\"og:image:width\" content=\"2000\" \/>\n\t<meta property=\"og:image:height\" content=\"1345\" \/>\n\t<meta property=\"og:image:type\" content=\"image\/webp\" \/>\n<meta name=\"twitter:card\" content=\"summary_large_image\" \/>\n<meta name=\"twitter:label1\" content=\"Est. reading time\" \/>\n\t<meta name=\"twitter:data1\" content=\"1 minuta\" \/>\n<script type=\"application\/ld+json\" class=\"yoast-schema-graph\">{\"@context\":\"https:\/\/schema.org\",\"@graph\":[{\"@type\":\"WebPage\",\"@id\":\"https:\/\/ttuenergetik.ba\/istrazivanje-i-razvoj\/\",\"url\":\"https:\/\/ttuenergetik.ba\/istrazivanje-i-razvoj\/\",\"name\":\"Istra\u017eivanje i razvoj Tuzla \u2013 TTU Energetik | Inovacije i projektovanje\",\"isPartOf\":{\"@id\":\"https:\/\/ttuenergetik.ba\/#website\"},\"datePublished\":\"2023-07-03T16:33:03+00:00\",\"dateModified\":\"2025-09-14T19:26:00+00:00\",\"description\":\"TTU Energetik pru\u017ea profesionalne usluge istra\u017eivanja i razvoja: idejna rje\u0161enja, analiza i simulacije, tehni\u010dka dokumentacija i podr\u0161ka proizvodnji, u skladu s me\u0111unarodnim standardima.\",\"breadcrumb\":{\"@id\":\"https:\/\/ttuenergetik.ba\/istrazivanje-i-razvoj\/#breadcrumb\"},\"inLanguage\":\"bs-BA\",\"potentialAction\":[{\"@type\":\"ReadAction\",\"target\":[\"https:\/\/ttuenergetik.ba\/istrazivanje-i-razvoj\/\"]}]},{\"@type\":\"BreadcrumbList\",\"@id\":\"https:\/\/ttuenergetik.ba\/istrazivanje-i-razvoj\/#breadcrumb\",\"itemListElement\":[{\"@type\":\"ListItem\",\"position\":1,\"name\":\"Home\",\"item\":\"https:\/\/ttuenergetik.ba\/\"},{\"@type\":\"ListItem\",\"position\":2,\"name\":\"Istra\u017eivanje i razvoj\"}]},{\"@type\":\"WebSite\",\"@id\":\"https:\/\/ttuenergetik.ba\/#website\",\"url\":\"https:\/\/ttuenergetik.ba\/\",\"name\":\"TTU energetik Tuzla\",\"description\":\"Tvornica transportnih ure\u0111aja\",\"publisher\":{\"@id\":\"https:\/\/ttuenergetik.ba\/#organization\"},\"alternateName\":\"Proizvodnja reduktora tuzla\",\"potentialAction\":[{\"@type\":\"SearchAction\",\"target\":{\"@type\":\"EntryPoint\",\"urlTemplate\":\"https:\/\/ttuenergetik.ba\/?s={search_term_string}\"},\"query-input\":{\"@type\":\"PropertyValueSpecification\",\"valueRequired\":true,\"valueName\":\"search_term_string\"}}],\"inLanguage\":\"bs-BA\"},{\"@type\":\"Organization\",\"@id\":\"https:\/\/ttuenergetik.ba\/#organization\",\"name\":\"TTU energetik Tuzla\",\"url\":\"https:\/\/ttuenergetik.ba\/\",\"logo\":{\"@type\":\"ImageObject\",\"inLanguage\":\"bs-BA\",\"@id\":\"https:\/\/ttuenergetik.ba\/#\/schema\/logo\/image\/\",\"url\":\"https:\/\/ttuenergetik.ba\/wp-content\/uploads\/2023\/05\/Logo-web-2umanjen.png\",\"contentUrl\":\"https:\/\/ttuenergetik.ba\/wp-content\/uploads\/2023\/05\/Logo-web-2umanjen.png\",\"width\":200,\"height\":63,\"caption\":\"TTU energetik Tuzla\"},\"image\":{\"@id\":\"https:\/\/ttuenergetik.ba\/#\/schema\/logo\/image\/\"},\"sameAs\":[\"https:\/\/www.facebook.com\/ttuenergetik\"]}]}<\/script>\n<!-- \/ Yoast SEO plugin. -->","yoast_head_json":{"title":"Istra\u017eivanje i razvoj Tuzla \u2013 TTU Energetik | Inovacije i projektovanje","description":"TTU Energetik pru\u017ea profesionalne usluge istra\u017eivanja i razvoja: idejna rje\u0161enja, analiza i simulacije, tehni\u010dka dokumentacija i podr\u0161ka proizvodnji, u skladu s me\u0111unarodnim standardima.","robots":{"index":"index","follow":"follow","max-snippet":"max-snippet:-1","max-image-preview":"max-image-preview:large","max-video-preview":"max-video-preview:-1"},"canonical":"https:\/\/ttuenergetik.ba\/ba\/istrazivanje-i-razvoj\/","og_locale":"bs_BA","og_type":"article","og_title":"Istra\u017eivanje i razvoj Tuzla \u2013 TTU Energetik | Inovacije i projektovanje","og_description":"TTU Energetik pru\u017ea profesionalne usluge istra\u017eivanja i razvoja: idejna rje\u0161enja, analiza i simulacije, tehni\u010dka dokumentacija i podr\u0161ka proizvodnji, u skladu s me\u0111unarodnim standardima.","og_url":"https:\/\/ttuenergetik.ba\/ba\/istrazivanje-i-razvoj\/","og_site_name":"TTU energetik Tuzla","article_publisher":"https:\/\/www.facebook.com\/ttuenergetik","article_modified_time":"2025-09-14T19:26:00+00:00","og_image":[{"width":2000,"height":1345,"url":"https:\/\/ttuenergetik.ba\/wp-content\/uploads\/2022\/08\/REL-zavarivanje.webp","type":"image\/webp"}],"twitter_card":"summary_large_image","twitter_misc":{"Est. reading time":"1 minuta"},"schema":{"@context":"https:\/\/schema.org","@graph":[{"@type":"WebPage","@id":"https:\/\/ttuenergetik.ba\/istrazivanje-i-razvoj\/","url":"https:\/\/ttuenergetik.ba\/istrazivanje-i-razvoj\/","name":"Istra\u017eivanje i razvoj Tuzla \u2013 TTU Energetik | Inovacije i projektovanje","isPartOf":{"@id":"https:\/\/ttuenergetik.ba\/#website"},"datePublished":"2023-07-03T16:33:03+00:00","dateModified":"2025-09-14T19:26:00+00:00","description":"TTU Energetik pru\u017ea profesionalne usluge istra\u017eivanja i razvoja: idejna rje\u0161enja, analiza i simulacije, tehni\u010dka dokumentacija i podr\u0161ka proizvodnji, u skladu s me\u0111unarodnim standardima.","breadcrumb":{"@id":"https:\/\/ttuenergetik.ba\/istrazivanje-i-razvoj\/#breadcrumb"},"inLanguage":"bs-BA","potentialAction":[{"@type":"ReadAction","target":["https:\/\/ttuenergetik.ba\/istrazivanje-i-razvoj\/"]}]},{"@type":"BreadcrumbList","@id":"https:\/\/ttuenergetik.ba\/istrazivanje-i-razvoj\/#breadcrumb","itemListElement":[{"@type":"ListItem","position":1,"name":"Home","item":"https:\/\/ttuenergetik.ba\/"},{"@type":"ListItem","position":2,"name":"Istra\u017eivanje i razvoj"}]},{"@type":"WebSite","@id":"https:\/\/ttuenergetik.ba\/#website","url":"https:\/\/ttuenergetik.ba\/","name":"TTU energetik Tuzla","description":"Tvornica transportnih ure\u0111aja","publisher":{"@id":"https:\/\/ttuenergetik.ba\/#organization"},"alternateName":"Proizvodnja reduktora tuzla","potentialAction":[{"@type":"SearchAction","target":{"@type":"EntryPoint","urlTemplate":"https:\/\/ttuenergetik.ba\/?s={search_term_string}"},"query-input":{"@type":"PropertyValueSpecification","valueRequired":true,"valueName":"search_term_string"}}],"inLanguage":"bs-BA"},{"@type":"Organization","@id":"https:\/\/ttuenergetik.ba\/#organization","name":"TTU energetik Tuzla","url":"https:\/\/ttuenergetik.ba\/","logo":{"@type":"ImageObject","inLanguage":"bs-BA","@id":"https:\/\/ttuenergetik.ba\/#\/schema\/logo\/image\/","url":"https:\/\/ttuenergetik.ba\/wp-content\/uploads\/2023\/05\/Logo-web-2umanjen.png","contentUrl":"https:\/\/ttuenergetik.ba\/wp-content\/uploads\/2023\/05\/Logo-web-2umanjen.png","width":200,"height":63,"caption":"TTU energetik Tuzla"},"image":{"@id":"https:\/\/ttuenergetik.ba\/#\/schema\/logo\/image\/"},"sameAs":["https:\/\/www.facebook.com\/ttuenergetik"]}]}},"_links":{"self":[{"href":"https:\/\/ttuenergetik.ba\/ba\/wp-json\/wp\/v2\/pages\/16330","targetHints":{"allow":["GET"]}}],"collection":[{"href":"https:\/\/ttuenergetik.ba\/ba\/wp-json\/wp\/v2\/pages"}],"about":[{"href":"https:\/\/ttuenergetik.ba\/ba\/wp-json\/wp\/v2\/types\/page"}],"author":[{"embeddable":true,"href":"https:\/\/ttuenergetik.ba\/ba\/wp-json\/wp\/v2\/users\/1"}],"replies":[{"embeddable":true,"href":"https:\/\/ttuenergetik.ba\/ba\/wp-json\/wp\/v2\/comments?post=16330"}],"version-history":[{"count":5,"href":"https:\/\/ttuenergetik.ba\/ba\/wp-json\/wp\/v2\/pages\/16330\/revisions"}],"predecessor-version":[{"id":17652,"href":"https:\/\/ttuenergetik.ba\/ba\/wp-json\/wp\/v2\/pages\/16330\/revisions\/17652"}],"wp:attachment":[{"href":"https:\/\/ttuenergetik.ba\/ba\/wp-json\/wp\/v2\/media?parent=16330"}],"curies":[{"name":"wp","href":"https:\/\/api.w.org\/{rel}","templated":true}]}}