{"id":16345,"date":"2023-07-03T16:45:53","date_gmt":"2023-07-03T16:45:53","guid":{"rendered":"http:\/\/www.ttuenergetik.ba\/?page_id=16345"},"modified":"2025-09-14T21:36:14","modified_gmt":"2025-09-14T19:36:14","slug":"elektro-istrazivanje-i-projektovanje","status":"publish","type":"page","link":"http:\/\/ttuenergetik.ba\/en\/elektro-istrazivanje-i-projektovanje\/","title":{"rendered":"Electrical research and design"},"content":{"rendered":"<div data-elementor-type=\"wp-page\" data-elementor-id=\"16345\" class=\"elementor elementor-16345\">\n\t\t\t\t\t\t<section class=\"elementor-section elementor-top-section elementor-element elementor-element-744aaf4 elementor-section-boxed elementor-section-height-default elementor-section-height-default\" data-id=\"744aaf4\" data-element_type=\"section\" data-e-type=\"section\">\n\t\t\t\t\t\t<div class=\"elementor-container elementor-column-gap-default\">\n\t\t\t\t\t<div class=\"elementor-column elementor-col-100 elementor-top-column elementor-element elementor-element-91d6c3e\" data-id=\"91d6c3e\" data-element_type=\"column\" data-e-type=\"column\">\n\t\t\t<div class=\"elementor-widget-wrap elementor-element-populated\">\n\t\t\t\t\t\t<div class=\"elementor-element elementor-element-6a6b2be elementor-widget elementor-widget-text-editor\" data-id=\"6a6b2be\" data-element_type=\"widget\" data-e-type=\"widget\" data-widget_type=\"text-editor.default\">\n\t\t\t\t<div class=\"elementor-widget-container\">\n\t\t\t\t\t\t\t\t\t<ul><li>DESIGN<\/li><li>Design and manufacture of low-voltage distribution and control panels.<\/li><li>planning and design of electrical cabinets according to applicable norms and standards<\/li><li>production and wiring of electrical cabinets with the best equipment on the market (Siemens, Schneider, Schrack, etc.)<\/li><li>testing in accordance with the ISO 9001 standard<\/li><li>delivery of finished electrical cabinets and accompanying documentation<\/li><li>Design and construction of solar power plants, creation of conceptual solutions and cost-effectiveness projections, creation of the final project, assembly and construction of solar power plants. Design and automation of power plants. Design of electrical installations of high and low current<\/li><li>TESTING OF ELECTRICAL INSTALLATIONS<br \/>&#8211; Ispitivanje elektroenergetskih postrojenja, instalacija i ure\u0111aja<br \/>&#8211; Mjerenje otpora izolacije i uzemljenja<br \/>&#8211; Mjerenje otpora uzemljenja gromobranskih instalacija<br \/>&#8211; Mjerenje impedancije petlje kvara<br \/>&#8211; Ispitivanje pada napona u vodi\u010dima instalacije<br \/>&#8211; Mjerenje struje optere\u0107enja i struje curenja<br \/>&#8211; Mjerenje napona i frekvencije<br \/>&#8211; Mjerenje inteziteta osvjetljenja<br \/>&#8211; Testiranje za\u0161titnih ure\u0111aja diferencijalne struje<\/li><li>RETROFIT, MODERNIZACIJA I AUTOMATIZACIJA STROJEVA I PROIZVODNIH LINIJA\/<br \/>PROIZVODNJA SPECIJALIZIRANIH STROJEVA<\/li><li>Considering customer needs and offering individual solutions<\/li><li>Design and preparation of complete technical documentation<\/li><li>Kompletna tehni\u010dka dokumentacija se kreira kori\u0161tenjem najmodernijih alata za<br \/>izradu tehni\u010dke dokumentacije kao \u0161to su EPLAN, AUTOCAD i sl.<\/li><li>Selection and procurement of equipment. A selection of the highest quality electrical components from renowned global manufacturers such as Siemens, ABB, Schneider, etc. with the aim of meeting customer requirements by offering them a fully optimized and highest quality product possible<\/li><li>Application development for a specific machine<\/li><li>Integration and programming of frequency converters<\/li><li>Development of control logic and programming of control equipment<\/li><li>Testing and commissioning at the customer's location<\/li><li>Professional installation, start-up and adjustment of the machine on site<\/li><li>User training and technical support<\/li><li>Creation of user manuals, training for operation and maintenance of the modernized machine<\/li><li>Machine operation warranty<\/li><li>PLC PROGRAMMING<\/li><li>Design and manufacture of control systems in accordance with customer needs<\/li><li>Considering the customer's needs and offering the most cost-effective and efficient solution possible<br \/>rje\u0161enja.<\/li><li>Automation of simple and complex control systems (such as mixers, packaging plants, processing, etc.) based on PLCs and frequency converters<\/li><li>Procurement of programmable logic controllers and frequency converters<\/li><li>TIA Portal programming<\/li><li>HMI visualization and process control<\/li><li>Commissioning and process optimization<\/li><li>Post-delivery support and maintenance<\/li><li>INTEGRATION OF ROBOTS INTO PRODUCTION PROCESSES<br \/>&#8211; Razmatranje potreba kupca i ponuda individualnih rje\u0161enja<br \/>&#8211; Simulacija procesa sa integriranim robotom<br \/>&#8211; Razvoj i integracija robotskih sistema za nove ili postoje\u0107e proizvodne linije<br \/>&#8211; Pu\u0161tanje u pogon<br \/>&#8211; Obuka korisnika i tehni\u010dka podr\u0161ka<br \/>&#8211; Ugovorna odr\u017eavanja i garancija<\/li><\/ul>\t\t\t\t\t\t\t\t<\/div>\n\t\t\t\t<\/div>\n\t\t\t\t\t<\/div>\n\t\t<\/div>\n\t\t\t\t\t<\/div>\n\t\t<\/section>\n\t\t\t\t<\/div>","protected":false},"excerpt":{"rendered":"<p>PROJEKTOVANJE Projektovanje i izrada niskonaponskih razvodnih i upravlja\u010dkih ormara projektovanje i dizajn elektro ormara prema va\u017ee\u0107im normama i standardima izrada i o\u017ei\u010denje elektro ormara sa najboljom opremom na tr\u017ei\u0161tu (Siemens,Schneider, Schrack i sl.) testiranje u skladu sa normom ISO 9001 dostava&#8230;<\/p>","protected":false},"author":1,"featured_media":0,"parent":0,"menu_order":0,"comment_status":"closed","ping_status":"closed","template":"","meta":{"footnotes":"","_links_to":"","_links_to_target":""},"class_list":["post-16345","page","type-page","status-publish","hentry"],"yoast_head":"<!-- This site is optimized with the Yoast SEO plugin v27.5 - https:\/\/yoast.com\/product\/yoast-seo-wordpress\/ -->\n<title>Elektro istra\u017eivanje i projektovanje Tuzla \u2013 PLC, elektro ormari<\/title>\n<meta name=\"description\" content=\"TTU Energetik nudi elektro istra\u017eivanje i projektovanje: izrada elektro ormara, automatizacija, ispitivanje instalacija, projektovanje\" \/>\n<meta name=\"robots\" content=\"index, follow, max-snippet:-1, max-image-preview:large, max-video-preview:-1\" \/>\n<link rel=\"canonical\" href=\"https:\/\/ttuenergetik.ba\/en\/elektro-istrazivanje-i-projektovanje\/\" \/>\n<meta property=\"og:locale\" content=\"en_US\" \/>\n<meta property=\"og:type\" content=\"article\" \/>\n<meta property=\"og:title\" content=\"Elektro istra\u017eivanje i projektovanje Tuzla \u2013 PLC, elektro ormari\" \/>\n<meta property=\"og:description\" content=\"TTU Energetik nudi elektro istra\u017eivanje i projektovanje: izrada elektro ormara, automatizacija, ispitivanje instalacija, projektovanje\" \/>\n<meta property=\"og:url\" content=\"https:\/\/ttuenergetik.ba\/en\/elektro-istrazivanje-i-projektovanje\/\" \/>\n<meta property=\"og:site_name\" content=\"TTU energetik Tuzla\" \/>\n<meta property=\"article:publisher\" content=\"https:\/\/www.facebook.com\/ttuenergetik\" \/>\n<meta property=\"article:modified_time\" content=\"2025-09-14T19:36:14+00:00\" \/>\n<meta property=\"og:image\" content=\"https:\/\/ttuenergetik.ba\/wp-content\/uploads\/2022\/08\/REL-zavarivanje.webp\" \/>\n\t<meta property=\"og:image:width\" content=\"2000\" \/>\n\t<meta property=\"og:image:height\" content=\"1345\" \/>\n\t<meta property=\"og:image:type\" content=\"image\/webp\" \/>\n<meta name=\"twitter:card\" content=\"summary_large_image\" \/>\n<meta name=\"twitter:label1\" content=\"Est. reading time\" \/>\n\t<meta name=\"twitter:data1\" content=\"2 minutes\" \/>\n<script type=\"application\/ld+json\" class=\"yoast-schema-graph\">{\"@context\":\"https:\\\/\\\/schema.org\",\"@graph\":[{\"@type\":\"WebPage\",\"@id\":\"https:\\\/\\\/ttuenergetik.ba\\\/elektro-istrazivanje-i-projektovanje\\\/\",\"url\":\"https:\\\/\\\/ttuenergetik.ba\\\/elektro-istrazivanje-i-projektovanje\\\/\",\"name\":\"Elektro istra\u017eivanje i projektovanje Tuzla \u2013 PLC, elektro ormari\",\"isPartOf\":{\"@id\":\"https:\\\/\\\/ttuenergetik.ba\\\/#website\"},\"datePublished\":\"2023-07-03T16:45:53+00:00\",\"dateModified\":\"2025-09-14T19:36:14+00:00\",\"description\":\"TTU Energetik nudi elektro istra\u017eivanje i projektovanje: izrada elektro ormara, automatizacija, ispitivanje instalacija, projektovanje\",\"breadcrumb\":{\"@id\":\"https:\\\/\\\/ttuenergetik.ba\\\/elektro-istrazivanje-i-projektovanje\\\/#breadcrumb\"},\"inLanguage\":\"en-US\",\"potentialAction\":[{\"@type\":\"ReadAction\",\"target\":[\"https:\\\/\\\/ttuenergetik.ba\\\/elektro-istrazivanje-i-projektovanje\\\/\"]}]},{\"@type\":\"BreadcrumbList\",\"@id\":\"https:\\\/\\\/ttuenergetik.ba\\\/elektro-istrazivanje-i-projektovanje\\\/#breadcrumb\",\"itemListElement\":[{\"@type\":\"ListItem\",\"position\":1,\"name\":\"Home\",\"item\":\"https:\\\/\\\/ttuenergetik.ba\\\/\"},{\"@type\":\"ListItem\",\"position\":2,\"name\":\"Elektro istra\u017eivanje i projektovanje\"}]},{\"@type\":\"WebSite\",\"@id\":\"https:\\\/\\\/ttuenergetik.ba\\\/#website\",\"url\":\"https:\\\/\\\/ttuenergetik.ba\\\/\",\"name\":\"TTU energetik Tuzla\",\"description\":\"Tvornica transportnih ure\u0111aja\",\"publisher\":{\"@id\":\"https:\\\/\\\/ttuenergetik.ba\\\/#organization\"},\"alternateName\":\"Proizvodnja reduktora tuzla\",\"potentialAction\":[{\"@type\":\"SearchAction\",\"target\":{\"@type\":\"EntryPoint\",\"urlTemplate\":\"https:\\\/\\\/ttuenergetik.ba\\\/?s={search_term_string}\"},\"query-input\":{\"@type\":\"PropertyValueSpecification\",\"valueRequired\":true,\"valueName\":\"search_term_string\"}}],\"inLanguage\":\"en-US\"},{\"@type\":\"Organization\",\"@id\":\"https:\\\/\\\/ttuenergetik.ba\\\/#organization\",\"name\":\"TTU energetik Tuzla\",\"url\":\"https:\\\/\\\/ttuenergetik.ba\\\/\",\"logo\":{\"@type\":\"ImageObject\",\"inLanguage\":\"en-US\",\"@id\":\"https:\\\/\\\/ttuenergetik.ba\\\/#\\\/schema\\\/logo\\\/image\\\/\",\"url\":\"https:\\\/\\\/ttuenergetik.ba\\\/wp-content\\\/uploads\\\/2023\\\/05\\\/Logo-web-2umanjen.png\",\"contentUrl\":\"https:\\\/\\\/ttuenergetik.ba\\\/wp-content\\\/uploads\\\/2023\\\/05\\\/Logo-web-2umanjen.png\",\"width\":200,\"height\":63,\"caption\":\"TTU energetik Tuzla\"},\"image\":{\"@id\":\"https:\\\/\\\/ttuenergetik.ba\\\/#\\\/schema\\\/logo\\\/image\\\/\"},\"sameAs\":[\"https:\\\/\\\/www.facebook.com\\\/ttuenergetik\"]}]}<\/script>\n<!-- \/ Yoast SEO plugin. -->","yoast_head_json":{"title":"Elektro istra\u017eivanje i projektovanje Tuzla \u2013 PLC, elektro ormari","description":"TTU Energetik nudi elektro istra\u017eivanje i projektovanje: izrada elektro ormara, automatizacija, ispitivanje instalacija, projektovanje","robots":{"index":"index","follow":"follow","max-snippet":"max-snippet:-1","max-image-preview":"max-image-preview:large","max-video-preview":"max-video-preview:-1"},"canonical":"https:\/\/ttuenergetik.ba\/en\/elektro-istrazivanje-i-projektovanje\/","og_locale":"en_US","og_type":"article","og_title":"Elektro istra\u017eivanje i projektovanje Tuzla \u2013 PLC, elektro ormari","og_description":"TTU Energetik nudi elektro istra\u017eivanje i projektovanje: izrada elektro ormara, automatizacija, ispitivanje instalacija, projektovanje","og_url":"https:\/\/ttuenergetik.ba\/en\/elektro-istrazivanje-i-projektovanje\/","og_site_name":"TTU energetik Tuzla","article_publisher":"https:\/\/www.facebook.com\/ttuenergetik","article_modified_time":"2025-09-14T19:36:14+00:00","og_image":[{"width":2000,"height":1345,"url":"https:\/\/ttuenergetik.ba\/wp-content\/uploads\/2022\/08\/REL-zavarivanje.webp","type":"image\/webp"}],"twitter_card":"summary_large_image","twitter_misc":{"Est. reading time":"2 minutes"},"schema":{"@context":"https:\/\/schema.org","@graph":[{"@type":"WebPage","@id":"https:\/\/ttuenergetik.ba\/elektro-istrazivanje-i-projektovanje\/","url":"https:\/\/ttuenergetik.ba\/elektro-istrazivanje-i-projektovanje\/","name":"Elektro istra\u017eivanje i projektovanje Tuzla \u2013 PLC, elektro ormari","isPartOf":{"@id":"https:\/\/ttuenergetik.ba\/#website"},"datePublished":"2023-07-03T16:45:53+00:00","dateModified":"2025-09-14T19:36:14+00:00","description":"TTU Energetik nudi elektro istra\u017eivanje i projektovanje: izrada elektro ormara, automatizacija, ispitivanje instalacija, projektovanje","breadcrumb":{"@id":"https:\/\/ttuenergetik.ba\/elektro-istrazivanje-i-projektovanje\/#breadcrumb"},"inLanguage":"en-US","potentialAction":[{"@type":"ReadAction","target":["https:\/\/ttuenergetik.ba\/elektro-istrazivanje-i-projektovanje\/"]}]},{"@type":"BreadcrumbList","@id":"https:\/\/ttuenergetik.ba\/elektro-istrazivanje-i-projektovanje\/#breadcrumb","itemListElement":[{"@type":"ListItem","position":1,"name":"Home","item":"https:\/\/ttuenergetik.ba\/"},{"@type":"ListItem","position":2,"name":"Elektro istra\u017eivanje i projektovanje"}]},{"@type":"WebSite","@id":"https:\/\/ttuenergetik.ba\/#website","url":"https:\/\/ttuenergetik.ba\/","name":"TTU energetik Tuzla","description":"Factory of transport devices","publisher":{"@id":"https:\/\/ttuenergetik.ba\/#organization"},"alternateName":"Proizvodnja reduktora tuzla","potentialAction":[{"@type":"SearchAction","target":{"@type":"EntryPoint","urlTemplate":"https:\/\/ttuenergetik.ba\/?s={search_term_string}"},"query-input":{"@type":"PropertyValueSpecification","valueRequired":true,"valueName":"search_term_string"}}],"inLanguage":"en-US"},{"@type":"Organization","@id":"https:\/\/ttuenergetik.ba\/#organization","name":"TTU energetik Tuzla","url":"https:\/\/ttuenergetik.ba\/","logo":{"@type":"ImageObject","inLanguage":"en-US","@id":"https:\/\/ttuenergetik.ba\/#\/schema\/logo\/image\/","url":"https:\/\/ttuenergetik.ba\/wp-content\/uploads\/2023\/05\/Logo-web-2umanjen.png","contentUrl":"https:\/\/ttuenergetik.ba\/wp-content\/uploads\/2023\/05\/Logo-web-2umanjen.png","width":200,"height":63,"caption":"TTU energetik Tuzla"},"image":{"@id":"https:\/\/ttuenergetik.ba\/#\/schema\/logo\/image\/"},"sameAs":["https:\/\/www.facebook.com\/ttuenergetik"]}]}},"_links":{"self":[{"href":"http:\/\/ttuenergetik.ba\/en\/wp-json\/wp\/v2\/pages\/16345","targetHints":{"allow":["GET"]}}],"collection":[{"href":"http:\/\/ttuenergetik.ba\/en\/wp-json\/wp\/v2\/pages"}],"about":[{"href":"http:\/\/ttuenergetik.ba\/en\/wp-json\/wp\/v2\/types\/page"}],"author":[{"embeddable":true,"href":"http:\/\/ttuenergetik.ba\/en\/wp-json\/wp\/v2\/users\/1"}],"replies":[{"embeddable":true,"href":"http:\/\/ttuenergetik.ba\/en\/wp-json\/wp\/v2\/comments?post=16345"}],"version-history":[{"count":11,"href":"http:\/\/ttuenergetik.ba\/en\/wp-json\/wp\/v2\/pages\/16345\/revisions"}],"predecessor-version":[{"id":17659,"href":"http:\/\/ttuenergetik.ba\/en\/wp-json\/wp\/v2\/pages\/16345\/revisions\/17659"}],"wp:attachment":[{"href":"http:\/\/ttuenergetik.ba\/en\/wp-json\/wp\/v2\/media?parent=16345"}],"curies":[{"name":"wp","href":"https:\/\/api.w.org\/{rel}","templated":true}]}}