{"id":16362,"date":"2023-07-03T17:04:10","date_gmt":"2023-07-03T17:04:10","guid":{"rendered":"http:\/\/www.ttuenergetik.ba\/?page_id=16362"},"modified":"2026-03-25T14:16:19","modified_gmt":"2026-03-25T13:16:19","slug":"standardni-reduktori","status":"publish","type":"page","link":"http:\/\/ttuenergetik.ba\/ba\/standardni-reduktori\/","title":{"rendered":"Standardni reduktori"},"content":{"rendered":"\t\t<div data-elementor-type=\"wp-page\" data-elementor-id=\"16362\" class=\"elementor elementor-16362\">\n\t\t\t\t\t\t<section class=\"elementor-section elementor-top-section elementor-element elementor-element-94fd525 elementor-section-boxed elementor-section-height-default elementor-section-height-default\" data-id=\"94fd525\" data-element_type=\"section\" data-e-type=\"section\">\n\t\t\t\t\t\t<div class=\"elementor-container elementor-column-gap-default\">\n\t\t\t\t\t<div class=\"elementor-column elementor-col-100 elementor-top-column elementor-element elementor-element-375f395\" data-id=\"375f395\" data-element_type=\"column\" data-e-type=\"column\">\n\t\t\t<div class=\"elementor-widget-wrap elementor-element-populated\">\n\t\t\t\t\t\t<div class=\"elementor-element elementor-element-d35e96d elementor-widget elementor-widget-industrium_heading\" data-id=\"d35e96d\" data-element_type=\"widget\" data-e-type=\"widget\" data-widget_type=\"industrium_heading.default\">\n\t\t\t\t<div class=\"elementor-widget-container\">\n\t\t\t\t\t<div class=\"industrium-heading-widget\"><h2 class=\"industrium-heading\"><span class=\"industrium-heading-content\"><strong>OP\u0160TI DIO<\/strong><\/span><\/h2><\/div>\t\t\t\t<\/div>\n\t\t\t\t<\/div>\n\t\t\t\t<div class=\"elementor-element elementor-element-d936dae elementor-widget elementor-widget-text-editor\" data-id=\"d936dae\" data-element_type=\"widget\" data-e-type=\"widget\" data-widget_type=\"text-editor.default\">\n\t\t\t\t<div class=\"elementor-widget-container\">\n\t\t\t\t\t\t\t\t\t<p>\u00a0<\/p><p>Neznatni gubici snage i velika pogonska sigurnost daju prednost primjeni reduktora nad ostalim prenosnicima. Na\u0161i reduktori ugra\u0111eni na garbuljare, \u010deli\u010dne trakaste transportere, gumene i druge transportere, vipere, kipere, rudni\u010dke jamske i druge \u017ei\u0107are i sli\u010dne strojeve, koji rade pod najte\u017eim uslovima, pokazali su dugu trajnost, visok kvalitet i stepen sigurnosti. Ova svojstva rezultiraju iz vi\u0161egodi\u0161njeg iskustva na izradi reduktora i njihovoj ugradnji na mnogobrojnim industrijskim ure\u0111ajima razli\u010ditih vrsta u zemlji i inozemstvu.<\/p><h4><strong>OZNA\u010cAVANJE I IZBOR REDUKTORA<\/strong><\/h4><p>Reduktori op\u0161te namjene jednostepeni, dvostepeni i trostepeni sa cilindri\u010dnim, konusnim i konusnocilindri\u010dnim zup\u010danicima. Skra\u0107ene oznake za tipove reduktora imaju slijede\u0107e zna\u010denje:<\/p><ul><li><strong>NA &#8211; <\/strong>reduktori sa cilindri\u010dnim zup\u010danicima \u2013 jednostepeni<\/li><li><strong>NB \u2013 <\/strong>reduktori sa cilindri\u010dnim zup\u010danicima \u2013 dvostepeni<\/li><li><strong>NC \u2013 <\/strong>reduktori sa cilindri\u010dnim zup\u010danicima \u2013 trostepeni<\/li><li><strong>NKA \u2013 <\/strong>reduktori sa konusnim zup\u010danicima \u2013 jednostepeni<\/li><li><strong>NKB \u2013 <\/strong>reduktori sa konsno cilindri\u010dnim zup\u010danicima- trostepeni<\/li><li><strong>NKC \u2013 <\/strong>reduktori sa konusno cilindri\u010dnim zup\u010danicima \u2013 trostepeni<\/li><\/ul><h5>Osnovne odlike reduktora:<\/h5><ul><li>Potpuna sigurnost u pogonu<\/li><li>Tih i be\u0161uman rad<\/li><li>Visok stepen iskori\u0161tenja<\/li><li>Duga trajnost<\/li><li>Visoka ekonomi\u010dnost<\/li><li>Velika preno\u0161ena snaga po jedinici zapremine<\/li><li>Visoka ta\u010dnostozubljenja<\/li><li>Povi\u0161ena trajna \u010dvrsto\u0107a i otpornost na istro\u0161enje zup\u010danika<\/li><li>Jednostavna, pregledna i zbijena konstrukcija<\/li><li>Dobra krutost konstrukcije<\/li><li>Sigurno podmazivanje zup\u010danika i kotrljaju\u0107ih le\u017eaja u praksi su provjerene i potvr\u0111ene.<\/li><\/ul>\t\t\t\t\t\t\t\t<\/div>\n\t\t\t\t<\/div>\n\t\t\t\t<div class=\"elementor-element elementor-element-d84d35a elementor-widget elementor-widget-spacer\" data-id=\"d84d35a\" data-element_type=\"widget\" data-e-type=\"widget\" data-widget_type=\"spacer.default\">\n\t\t\t\t<div class=\"elementor-widget-container\">\n\t\t\t\t\t\t\t<div class=\"elementor-spacer\">\n\t\t\t<div class=\"elementor-spacer-inner\"><\/div>\n\t\t<\/div>\n\t\t\t\t\t\t<\/div>\n\t\t\t\t<\/div>\n\t\t\t\t<div class=\"elementor-element elementor-element-95d64b7 elementor-widget elementor-widget-industrium_tabs\" data-id=\"95d64b7\" data-element_type=\"widget\" data-e-type=\"widget\" data-widget_type=\"industrium_tabs.default\">\n\t\t\t\t<div class=\"elementor-widget-container\">\n\t\t\t\t\t\n        <div class=\"industrium_tabs_widget\">\n            <div class=\"industrium_tabs_titles_container\">\n                <div class=\"industrium_tab_title_item\" data-id=\"industrium_tab_id_1\"><a href=\"javascript:void(0)\">Jednostepeni reduktori<\/a><\/div><div class=\"industrium_tab_title_item\" data-id=\"industrium_tab_id_2\"><a href=\"javascript:void(0)\">Dvostepeni reduktori<\/a><\/div><div class=\"industrium_tab_title_item\" data-id=\"industrium_tab_id_3\"><a href=\"javascript:void(0)\">Vi\u0161estepeni reduktori<\/a><\/div>            <\/div>\n\n            <div class=\"industrium_tabs_content_container\">\n                                    <div class=\"industrium_tab_content_item\" id=\"industrium_tab_id_1\">\n                        <div class=\"industrium_tab_text_container\">\n                            <p><a href=\"https:\/\/ttuenergetik.ba\/wp-content\/uploads\/2026\/03\/reduktori-NA.webp\"><img fetchpriority=\"high\" decoding=\"async\" class=\"alignleft wp-image-18370\" title=\"reduktori NA\" src=\"https:\/\/ttuenergetik.ba\/wp-content\/uploads\/2026\/03\/reduktori-NA-300x154.webp\" alt=\"reduktori NA\" width=\"500\" height=\"257\" srcset=\"https:\/\/ttuenergetik.ba\/wp-content\/uploads\/2026\/03\/reduktori-NA-300x154.webp 300w, https:\/\/ttuenergetik.ba\/wp-content\/uploads\/2026\/03\/reduktori-NA-1024x525.webp 1024w, https:\/\/ttuenergetik.ba\/wp-content\/uploads\/2026\/03\/reduktori-NA-768x394.webp 768w, https:\/\/ttuenergetik.ba\/wp-content\/uploads\/2026\/03\/reduktori-NA-18x9.webp 18w, https:\/\/ttuenergetik.ba\/wp-content\/uploads\/2026\/03\/reduktori-NA.webp 1520w\" sizes=\"(max-width: 500px) 100vw, 500px\" \/><\/a><\/p><p><a href=\"https:\/\/ttuenergetik.ba\/wp-content\/uploads\/2026\/03\/reduktori-NKA.webp\"><img decoding=\"async\" class=\"alignnone wp-image-18371\" title=\"reduktori NKA\" src=\"https:\/\/ttuenergetik.ba\/wp-content\/uploads\/2026\/03\/reduktori-NKA-300x154.webp\" alt=\"reduktori NKA\" width=\"500\" height=\"257\" srcset=\"https:\/\/ttuenergetik.ba\/wp-content\/uploads\/2026\/03\/reduktori-NKA-300x154.webp 300w, https:\/\/ttuenergetik.ba\/wp-content\/uploads\/2026\/03\/reduktori-NKA-1024x526.webp 1024w, https:\/\/ttuenergetik.ba\/wp-content\/uploads\/2026\/03\/reduktori-NKA-768x394.webp 768w, https:\/\/ttuenergetik.ba\/wp-content\/uploads\/2026\/03\/reduktori-NKA-18x9.webp 18w, https:\/\/ttuenergetik.ba\/wp-content\/uploads\/2026\/03\/reduktori-NKA.webp 1519w\" sizes=\"(max-width: 500px) 100vw, 500px\" \/><\/a><\/p>                        <\/div>\n                    <\/div>\n                                        <div class=\"industrium_tab_content_item\" id=\"industrium_tab_id_2\">\n                        <div class=\"industrium_tab_text_container\">\n                            <p><a href=\"https:\/\/ttuenergetik.ba\/wp-content\/uploads\/2026\/03\/reduktori-NB.webp\"><img decoding=\"async\" class=\"alignnone wp-image-18382\" title=\"reduktori NB\" src=\"https:\/\/ttuenergetik.ba\/wp-content\/uploads\/2026\/03\/reduktori-NB-1024x526.webp\" alt=\"reduktori NB\" width=\"500\" height=\"257\" srcset=\"https:\/\/ttuenergetik.ba\/wp-content\/uploads\/2026\/03\/reduktori-NB-1024x526.webp 1024w, https:\/\/ttuenergetik.ba\/wp-content\/uploads\/2026\/03\/reduktori-NB-300x154.webp 300w, https:\/\/ttuenergetik.ba\/wp-content\/uploads\/2026\/03\/reduktori-NB-768x394.webp 768w, https:\/\/ttuenergetik.ba\/wp-content\/uploads\/2026\/03\/reduktori-NB-18x9.webp 18w, https:\/\/ttuenergetik.ba\/wp-content\/uploads\/2026\/03\/reduktori-NB.webp 1519w\" sizes=\"(max-width: 500px) 100vw, 500px\" \/><\/a><\/p>                        <\/div>\n                    <\/div>\n                                        <div class=\"industrium_tab_content_item\" id=\"industrium_tab_id_3\">\n                        <div class=\"industrium_tab_text_container\">\n                            <p><a href=\"https:\/\/ttuenergetik.ba\/wp-content\/uploads\/2026\/03\/reduktori-NC.webp\"><img loading=\"lazy\" decoding=\"async\" class=\"alignleft wp-image-18383\" title=\"reduktori NC\" src=\"https:\/\/ttuenergetik.ba\/wp-content\/uploads\/2026\/03\/reduktori-NC-300x154.webp\" alt=\"reduktori NC\" width=\"500\" height=\"256\" srcset=\"https:\/\/ttuenergetik.ba\/wp-content\/uploads\/2026\/03\/reduktori-NC-300x154.webp 300w, https:\/\/ttuenergetik.ba\/wp-content\/uploads\/2026\/03\/reduktori-NC-1024x525.webp 1024w, https:\/\/ttuenergetik.ba\/wp-content\/uploads\/2026\/03\/reduktori-NC-768x394.webp 768w, https:\/\/ttuenergetik.ba\/wp-content\/uploads\/2026\/03\/reduktori-NC-18x9.webp 18w, https:\/\/ttuenergetik.ba\/wp-content\/uploads\/2026\/03\/reduktori-NC.webp 1519w\" sizes=\"(max-width: 500px) 100vw, 500px\" \/><\/a><\/p><p><a href=\"https:\/\/ttuenergetik.ba\/wp-content\/uploads\/2026\/03\/reduktori-NKB.webp\"><img loading=\"lazy\" decoding=\"async\" class=\"alignnone wp-image-18384\" title=\"reduktori NKB\" src=\"https:\/\/ttuenergetik.ba\/wp-content\/uploads\/2026\/03\/reduktori-NKB-300x154.webp\" alt=\"reduktori NKB\" width=\"500\" height=\"257\" srcset=\"https:\/\/ttuenergetik.ba\/wp-content\/uploads\/2026\/03\/reduktori-NKB-300x154.webp 300w, https:\/\/ttuenergetik.ba\/wp-content\/uploads\/2026\/03\/reduktori-NKB-1024x525.webp 1024w, https:\/\/ttuenergetik.ba\/wp-content\/uploads\/2026\/03\/reduktori-NKB-768x394.webp 768w, https:\/\/ttuenergetik.ba\/wp-content\/uploads\/2026\/03\/reduktori-NKB-18x9.webp 18w, https:\/\/ttuenergetik.ba\/wp-content\/uploads\/2026\/03\/reduktori-NKB.webp 1520w\" sizes=\"(max-width: 500px) 100vw, 500px\" \/><\/a><\/p>                        <\/div>\n                    <\/div>\n                                <\/div>\n        <\/div>\n        \t\t\t\t<\/div>\n\t\t\t\t<\/div>\n\t\t\t\t\t<\/div>\n\t\t<\/div>\n\t\t\t\t\t<\/div>\n\t\t<\/section>\n\t\t\t\t<\/div>\n\t\t","protected":false},"excerpt":{"rendered":"<p>\u00a0 Neznatni gubici snage i velika pogonska sigurnost daju prednost primjeni reduktora nad ostalim prenosnicima. Na\u0161i reduktori ugra\u0111eni na garbuljare, \u010deli\u010dne trakaste transportere, gumene i druge transportere, vipere, kipere, rudni\u010dke jamske i druge \u017ei\u0107are i sli\u010dne strojeve, koji rade pod najte\u017eim&#8230;<\/p>\n","protected":false},"author":1,"featured_media":17260,"parent":0,"menu_order":0,"comment_status":"closed","ping_status":"closed","template":"","meta":{"footnotes":"","_links_to":"","_links_to_target":""},"class_list":["post-16362","page","type-page","status-publish","has-post-thumbnail","hentry"],"yoast_head":"<!-- This site is optimized with the Yoast SEO plugin v27.0 - https:\/\/yoast.com\/product\/yoast-seo-wordpress\/ -->\n<title>Standardni reduktori Tuzla \u2012 jednostepeni, dvostepeni, trostepeni<\/title>\n<meta name=\"description\" content=\"Standardni reduktori TTU Energetik \u2012 cilindri\u010dni, konusni i konusno-cilindri\u010dni tipi (jednostepeni, dvostepeni, trostepeni). Pouzdanost, tihi rad, duga izdr\u017eljivost. Kontaktirajte nas za specifikaciju i ponudu.\" \/>\n<meta name=\"robots\" content=\"index, follow, max-snippet:-1, max-image-preview:large, max-video-preview:-1\" \/>\n<link rel=\"canonical\" href=\"https:\/\/ttuenergetik.ba\/ba\/standardni-reduktori\/\" \/>\n<meta property=\"og:locale\" content=\"bs_BA\" \/>\n<meta property=\"og:type\" content=\"article\" \/>\n<meta property=\"og:title\" content=\"Standardni reduktori Tuzla \u2012 jednostepeni, dvostepeni, trostepeni\" \/>\n<meta property=\"og:description\" content=\"Standardni reduktori TTU Energetik \u2012 cilindri\u010dni, konusni i konusno-cilindri\u010dni tipi (jednostepeni, dvostepeni, trostepeni). Pouzdanost, tihi rad, duga izdr\u017eljivost. Kontaktirajte nas za specifikaciju i ponudu.\" \/>\n<meta property=\"og:url\" content=\"https:\/\/ttuenergetik.ba\/ba\/standardni-reduktori\/\" \/>\n<meta property=\"og:site_name\" content=\"TTU energetik Tuzla\" \/>\n<meta property=\"article:publisher\" content=\"https:\/\/www.facebook.com\/ttuenergetik\" \/>\n<meta property=\"article:modified_time\" content=\"2026-03-25T13:16:19+00:00\" \/>\n<meta property=\"og:image\" content=\"https:\/\/ttuenergetik.ba\/wp-content\/uploads\/2025\/09\/reduktori.png\" \/>\n\t<meta property=\"og:image:width\" content=\"512\" \/>\n\t<meta property=\"og:image:height\" content=\"511\" \/>\n\t<meta property=\"og:image:type\" content=\"image\/png\" \/>\n<meta name=\"twitter:card\" content=\"summary_large_image\" \/>\n<meta name=\"twitter:label1\" content=\"Est. reading time\" \/>\n\t<meta name=\"twitter:data1\" content=\"3 minute\" \/>\n<script type=\"application\/ld+json\" class=\"yoast-schema-graph\">{\"@context\":\"https:\/\/schema.org\",\"@graph\":[{\"@type\":\"WebPage\",\"@id\":\"https:\/\/ttuenergetik.ba\/standardni-reduktori\/\",\"url\":\"https:\/\/ttuenergetik.ba\/standardni-reduktori\/\",\"name\":\"Standardni reduktori Tuzla \u2012 jednostepeni, dvostepeni, trostepeni\",\"isPartOf\":{\"@id\":\"https:\/\/ttuenergetik.ba\/#website\"},\"primaryImageOfPage\":{\"@id\":\"https:\/\/ttuenergetik.ba\/standardni-reduktori\/#primaryimage\"},\"image\":{\"@id\":\"https:\/\/ttuenergetik.ba\/standardni-reduktori\/#primaryimage\"},\"thumbnailUrl\":\"https:\/\/ttuenergetik.ba\/wp-content\/uploads\/2025\/09\/reduktori.png\",\"datePublished\":\"2023-07-03T17:04:10+00:00\",\"dateModified\":\"2026-03-25T13:16:19+00:00\",\"description\":\"Standardni reduktori TTU Energetik \u2012 cilindri\u010dni, konusni i konusno-cilindri\u010dni tipi (jednostepeni, dvostepeni, trostepeni). Pouzdanost, tihi rad, duga izdr\u017eljivost. Kontaktirajte nas za specifikaciju i ponudu.\",\"breadcrumb\":{\"@id\":\"https:\/\/ttuenergetik.ba\/standardni-reduktori\/#breadcrumb\"},\"inLanguage\":\"bs-BA\",\"potentialAction\":[{\"@type\":\"ReadAction\",\"target\":[\"https:\/\/ttuenergetik.ba\/standardni-reduktori\/\"]}]},{\"@type\":\"ImageObject\",\"inLanguage\":\"bs-BA\",\"@id\":\"https:\/\/ttuenergetik.ba\/standardni-reduktori\/#primaryimage\",\"url\":\"https:\/\/ttuenergetik.ba\/wp-content\/uploads\/2025\/09\/reduktori.png\",\"contentUrl\":\"https:\/\/ttuenergetik.ba\/wp-content\/uploads\/2025\/09\/reduktori.png\",\"width\":512,\"height\":511,\"caption\":\"reduktori\"},{\"@type\":\"BreadcrumbList\",\"@id\":\"https:\/\/ttuenergetik.ba\/standardni-reduktori\/#breadcrumb\",\"itemListElement\":[{\"@type\":\"ListItem\",\"position\":1,\"name\":\"Home\",\"item\":\"https:\/\/ttuenergetik.ba\/\"},{\"@type\":\"ListItem\",\"position\":2,\"name\":\"Standardni reduktori\"}]},{\"@type\":\"WebSite\",\"@id\":\"https:\/\/ttuenergetik.ba\/#website\",\"url\":\"https:\/\/ttuenergetik.ba\/\",\"name\":\"TTU energetik Tuzla\",\"description\":\"Tvornica transportnih ure\u0111aja\",\"publisher\":{\"@id\":\"https:\/\/ttuenergetik.ba\/#organization\"},\"alternateName\":\"Proizvodnja reduktora tuzla\",\"potentialAction\":[{\"@type\":\"SearchAction\",\"target\":{\"@type\":\"EntryPoint\",\"urlTemplate\":\"https:\/\/ttuenergetik.ba\/?s={search_term_string}\"},\"query-input\":{\"@type\":\"PropertyValueSpecification\",\"valueRequired\":true,\"valueName\":\"search_term_string\"}}],\"inLanguage\":\"bs-BA\"},{\"@type\":\"Organization\",\"@id\":\"https:\/\/ttuenergetik.ba\/#organization\",\"name\":\"TTU energetik Tuzla\",\"url\":\"https:\/\/ttuenergetik.ba\/\",\"logo\":{\"@type\":\"ImageObject\",\"inLanguage\":\"bs-BA\",\"@id\":\"https:\/\/ttuenergetik.ba\/#\/schema\/logo\/image\/\",\"url\":\"https:\/\/ttuenergetik.ba\/wp-content\/uploads\/2023\/05\/Logo-web-2umanjen.png\",\"contentUrl\":\"https:\/\/ttuenergetik.ba\/wp-content\/uploads\/2023\/05\/Logo-web-2umanjen.png\",\"width\":200,\"height\":63,\"caption\":\"TTU energetik Tuzla\"},\"image\":{\"@id\":\"https:\/\/ttuenergetik.ba\/#\/schema\/logo\/image\/\"},\"sameAs\":[\"https:\/\/www.facebook.com\/ttuenergetik\"]}]}<\/script>\n<!-- \/ Yoast SEO plugin. -->","yoast_head_json":{"title":"Standardni reduktori Tuzla \u2012 jednostepeni, dvostepeni, trostepeni","description":"Standardni reduktori TTU Energetik \u2012 cilindri\u010dni, konusni i konusno-cilindri\u010dni tipi (jednostepeni, dvostepeni, trostepeni). Pouzdanost, tihi rad, duga izdr\u017eljivost. Kontaktirajte nas za specifikaciju i ponudu.","robots":{"index":"index","follow":"follow","max-snippet":"max-snippet:-1","max-image-preview":"max-image-preview:large","max-video-preview":"max-video-preview:-1"},"canonical":"https:\/\/ttuenergetik.ba\/ba\/standardni-reduktori\/","og_locale":"bs_BA","og_type":"article","og_title":"Standardni reduktori Tuzla \u2012 jednostepeni, dvostepeni, trostepeni","og_description":"Standardni reduktori TTU Energetik \u2012 cilindri\u010dni, konusni i konusno-cilindri\u010dni tipi (jednostepeni, dvostepeni, trostepeni). Pouzdanost, tihi rad, duga izdr\u017eljivost. Kontaktirajte nas za specifikaciju i ponudu.","og_url":"https:\/\/ttuenergetik.ba\/ba\/standardni-reduktori\/","og_site_name":"TTU energetik Tuzla","article_publisher":"https:\/\/www.facebook.com\/ttuenergetik","article_modified_time":"2026-03-25T13:16:19+00:00","og_image":[{"width":512,"height":511,"url":"https:\/\/ttuenergetik.ba\/wp-content\/uploads\/2025\/09\/reduktori.png","type":"image\/png"}],"twitter_card":"summary_large_image","twitter_misc":{"Est. reading time":"3 minute"},"schema":{"@context":"https:\/\/schema.org","@graph":[{"@type":"WebPage","@id":"https:\/\/ttuenergetik.ba\/standardni-reduktori\/","url":"https:\/\/ttuenergetik.ba\/standardni-reduktori\/","name":"Standardni reduktori Tuzla \u2012 jednostepeni, dvostepeni, trostepeni","isPartOf":{"@id":"https:\/\/ttuenergetik.ba\/#website"},"primaryImageOfPage":{"@id":"https:\/\/ttuenergetik.ba\/standardni-reduktori\/#primaryimage"},"image":{"@id":"https:\/\/ttuenergetik.ba\/standardni-reduktori\/#primaryimage"},"thumbnailUrl":"https:\/\/ttuenergetik.ba\/wp-content\/uploads\/2025\/09\/reduktori.png","datePublished":"2023-07-03T17:04:10+00:00","dateModified":"2026-03-25T13:16:19+00:00","description":"Standardni reduktori TTU Energetik \u2012 cilindri\u010dni, konusni i konusno-cilindri\u010dni tipi (jednostepeni, dvostepeni, trostepeni). Pouzdanost, tihi rad, duga izdr\u017eljivost. Kontaktirajte nas za specifikaciju i ponudu.","breadcrumb":{"@id":"https:\/\/ttuenergetik.ba\/standardni-reduktori\/#breadcrumb"},"inLanguage":"bs-BA","potentialAction":[{"@type":"ReadAction","target":["https:\/\/ttuenergetik.ba\/standardni-reduktori\/"]}]},{"@type":"ImageObject","inLanguage":"bs-BA","@id":"https:\/\/ttuenergetik.ba\/standardni-reduktori\/#primaryimage","url":"https:\/\/ttuenergetik.ba\/wp-content\/uploads\/2025\/09\/reduktori.png","contentUrl":"https:\/\/ttuenergetik.ba\/wp-content\/uploads\/2025\/09\/reduktori.png","width":512,"height":511,"caption":"reduktori"},{"@type":"BreadcrumbList","@id":"https:\/\/ttuenergetik.ba\/standardni-reduktori\/#breadcrumb","itemListElement":[{"@type":"ListItem","position":1,"name":"Home","item":"https:\/\/ttuenergetik.ba\/"},{"@type":"ListItem","position":2,"name":"Standardni reduktori"}]},{"@type":"WebSite","@id":"https:\/\/ttuenergetik.ba\/#website","url":"https:\/\/ttuenergetik.ba\/","name":"TTU energetik Tuzla","description":"Tvornica transportnih ure\u0111aja","publisher":{"@id":"https:\/\/ttuenergetik.ba\/#organization"},"alternateName":"Proizvodnja reduktora tuzla","potentialAction":[{"@type":"SearchAction","target":{"@type":"EntryPoint","urlTemplate":"https:\/\/ttuenergetik.ba\/?s={search_term_string}"},"query-input":{"@type":"PropertyValueSpecification","valueRequired":true,"valueName":"search_term_string"}}],"inLanguage":"bs-BA"},{"@type":"Organization","@id":"https:\/\/ttuenergetik.ba\/#organization","name":"TTU energetik Tuzla","url":"https:\/\/ttuenergetik.ba\/","logo":{"@type":"ImageObject","inLanguage":"bs-BA","@id":"https:\/\/ttuenergetik.ba\/#\/schema\/logo\/image\/","url":"https:\/\/ttuenergetik.ba\/wp-content\/uploads\/2023\/05\/Logo-web-2umanjen.png","contentUrl":"https:\/\/ttuenergetik.ba\/wp-content\/uploads\/2023\/05\/Logo-web-2umanjen.png","width":200,"height":63,"caption":"TTU energetik Tuzla"},"image":{"@id":"https:\/\/ttuenergetik.ba\/#\/schema\/logo\/image\/"},"sameAs":["https:\/\/www.facebook.com\/ttuenergetik"]}]}},"_links":{"self":[{"href":"http:\/\/ttuenergetik.ba\/ba\/wp-json\/wp\/v2\/pages\/16362","targetHints":{"allow":["GET"]}}],"collection":[{"href":"http:\/\/ttuenergetik.ba\/ba\/wp-json\/wp\/v2\/pages"}],"about":[{"href":"http:\/\/ttuenergetik.ba\/ba\/wp-json\/wp\/v2\/types\/page"}],"author":[{"embeddable":true,"href":"http:\/\/ttuenergetik.ba\/ba\/wp-json\/wp\/v2\/users\/1"}],"replies":[{"embeddable":true,"href":"http:\/\/ttuenergetik.ba\/ba\/wp-json\/wp\/v2\/comments?post=16362"}],"version-history":[{"count":44,"href":"http:\/\/ttuenergetik.ba\/ba\/wp-json\/wp\/v2\/pages\/16362\/revisions"}],"predecessor-version":[{"id":18387,"href":"http:\/\/ttuenergetik.ba\/ba\/wp-json\/wp\/v2\/pages\/16362\/revisions\/18387"}],"wp:featuredmedia":[{"embeddable":true,"href":"http:\/\/ttuenergetik.ba\/ba\/wp-json\/wp\/v2\/media\/17260"}],"wp:attachment":[{"href":"http:\/\/ttuenergetik.ba\/ba\/wp-json\/wp\/v2\/media?parent=16362"}],"curies":[{"name":"wp","href":"https:\/\/api.w.org\/{rel}","templated":true}]}}